{"id":283,"date":"2017-12-22T16:30:01","date_gmt":"2017-12-22T15:30:01","guid":{"rendered":"https:\/\/25988C3B-42AE-4164-BC78-580B25D7E9E4"},"modified":"2018-09-19T20:01:31","modified_gmt":"2018-09-19T18:01:31","slug":"products","status":"publish","type":"page","link":"https:\/\/magal.rs\/en\/products\/","title":{"rendered":"Products"},"content":{"rendered":"<p>[et_pb_section bb_built=&#8217;1&#8242; fullwidth=&#8217;off&#8217; specialty=&#8217;off&#8217; _builder_version=&#8217;3.0.92&#8242; custom_padding=&#8217;160px||50px|&#8217; custom_padding_phone=&#8217;90px||25px|&#8217; custom_padding_last_edited=&#8217;on|desktop&#8217; background_color=&#8217;rgba(255,255,255,0)&#8217; custom_padding_tablet=&#8217;||50px|&#8217; next_background_color=&#8217;#ffffff&#8217;][et_pb_row background_position=&#8217;top_left&#8217; background_repeat=&#8217;repeat&#8217; background_size=&#8217;initial&#8217;][et_pb_column type=&#8217;4_4&#8242;][et_pb_text _builder_version=&#8217;3.0.92&#8242; background_layout=&#8217;light&#8217; text_font_size=&#8217;16&#8217; text_text_color=&#8217;#008cdc&#8217; custom_css_main_element=&#8217;width:80%;||margin:auto;&#8217;]<\/p>\n<p>Our long experience in the production of galvanic anodes ensures that you will get top quality anodes that will effectively inhibit corrosion when used in a properly designed and maintained cathodic protection system.<\/p>\n<p>[\/et_pb_text][\/et_pb_column][\/et_pb_row][\/et_pb_section][et_pb_section bb_built=&#8217;1&#8242; admin_label=&#8217;section&#8217; background_image=&#8217;https:\/\/magal.rs\/wp-content\/uploads\/2017\/12\/bgd_product_01-1.png&#8217; parallax_method=&#8217;off&#8217; custom_padding=&#8217;0px||0px|&#8217; module_class=&#8217;productsFirstSection&#8217; _builder_version=&#8217;3.0.92&#8242; custom_css_main_element=&#8217;background:transparent;&#8217; custom_padding_phone=&#8217;0px||30px|&#8217; custom_padding_last_edited=&#8217;on|phone&#8217; background_repeat=&#8217;repeat-y&#8217; disabled=&#8217;off&#8217; disabled_on=&#8217;on|on|&#8217; prev_background_color=&#8217;rgba(255,255,255,0)&#8217; next_background_color=&#8217;#ffffff&#8217;][et_pb_row admin_label=&#8217;row&#8217; background_position=&#8217;top_left&#8217; background_repeat=&#8217;repeat&#8217; background_size=&#8217;initial&#8217; _builder_version=&#8217;3.0.60&#8242;][et_pb_column type=&#8217;1_3&#8242;][et_pb_image src=&#8217;https:\/\/magal.rs\/wp-content\/uploads\/2017\/12\/product_1_products.png&#8217; show_in_lightbox=&#8217;off&#8217; url_new_window=&#8217;off&#8217; use_overlay=&#8217;off&#8217; align=&#8217;left&#8217; force_fullwidth=&#8217;off&#8217; always_center_on_mobile=&#8217;on&#8217; _builder_version=&#8217;3.0.91&#8242; show_bottom_space=&#8217;on&#8217; animation_style=&#8217;slide&#8217; animation_duration=&#8217;500ms&#8217; animation_intensity_slide=&#8217;10%&#8217; animation_direction=&#8217;left&#8217; \/][\/et_pb_column][et_pb_column type=&#8217;2_3&#8242;][et_pb_blurb title=&#8217;Anodes for boilers&#8217; text_orientation=&#8217;right&#8217; header_text_color=&#8217;#25a9f5&#8242; body_text_color=&#8217;#008cdc&#8217; border_style=&#8217;solid&#8217; header_font_size=&#8217;30&#8217; body_font_size=&#8217;16&#8217; header_line_height=&#8217;1.7em&#8217; background_position=&#8217;top_left&#8217; background_repeat=&#8217;repeat&#8217; background_size=&#8217;initial&#8217; _builder_version=&#8217;3.15&#8242; header_font=&#8217;Raleway Light||||&#8217; body_font=&#8217;Raleway Light||||&#8217; header_font_size_phone=&#8217;25&#8217; header_font_size_last_edited=&#8217;on|phone&#8217;]<\/p>\n<p>According to the needs of the market and our clients, we produce cast magnesium anodes of different diameters and lengths with a different steel and other inserts and armature \u2013 cores, anode carriers. We produce anodes with diameters \u00f822.0; \u00f825.5, \u00f826.0; \u00f833.0 and \u00f840.0 mm, maximum lengths up to 550 mm.<\/p>\n<p>The diameter and length of magnesium anodes, as well as the length and diameter of the metal cores, are in accordance with the specification of customers, the necessary norms and standards, as well as constructive solutions.<\/p>\n<p>[\/et_pb_blurb][et_pb_text admin_label=&#8217;Saznaj vi\u0161e&#8217; _builder_version=&#8217;3.15&#8242;]<\/p>\n<p class=\"products-button blue\"><a href=\"https:\/\/magal.rs\/en\/products\/anodes-for-boilers\/\">Learn more<\/a><\/p>\n<p>[\/et_pb_text][\/et_pb_column][\/et_pb_row][\/et_pb_section][et_pb_section bb_built=&#8217;1&#8242; admin_label=&#8217;section&#8217; background_image=&#8217;https:\/\/magal.rs\/wp-content\/uploads\/2017\/12\/bgd_product_01.png&#8217; parallax_method=&#8217;off&#8217; custom_padding=&#8217;0px||0px|&#8217; _builder_version=&#8217;3.0.92&#8242; custom_css_main_element=&#8217;background:transparent;&#8217; custom_padding_phone=&#8217;0px||30px|&#8217; custom_padding_last_edited=&#8217;on|phone&#8217; background_repeat=&#8217;repeat-y&#8217; disabled=&#8217;off&#8217; disabled_on=&#8217;off|off|on&#8217; prev_background_color=&#8217;#ffffff&#8217; next_background_color=&#8217;#ffffff&#8217;][et_pb_row admin_label=&#8217;row&#8217; background_position=&#8217;top_left&#8217; background_repeat=&#8217;repeat&#8217; background_size=&#8217;initial&#8217; _builder_version=&#8217;3.0.60&#8242;][et_pb_column type=&#8217;1_3&#8242;][\/et_pb_column][et_pb_column type=&#8217;2_3&#8242;][et_pb_blurb title=&#8217;Anodes for boilers&#8217; header_text_color=&#8217;#25a9f5&#8242; body_text_color=&#8217;#008cdc&#8217; header_font_size=&#8217;30&#8217; body_font_size=&#8217;16&#8217; header_line_height=&#8217;1.7em&#8217; background_position=&#8217;top_left&#8217; background_repeat=&#8217;repeat&#8217; background_size=&#8217;initial&#8217; _builder_version=&#8217;3.15&#8242; header_font=&#8217;Raleway Light|700|||||||&#8217; body_font=&#8217;Raleway Light||||&#8217; header_font_size_phone=&#8217;25&#8217; header_font_size_last_edited=&#8217;on|phone&#8217; max_width_tablet=&#8217;50px&#8217;]<\/p>\n<p>According to the needs of the market and our clients, we produce cast magnesium anodes of different diameters and lengths with a different steel and other inserts and armature \u2013 cores, anode carriers. We produce anodes with diameters \u00f822.0; \u00f825.5, \u00f826.0; \u00f833.0 and \u00f840.0 mm, maximum lengths up to 550 mm.<\/p>\n<p>The diameter and length of magnesium anodes, as well as the length and diameter of the metal cores, are in accordance with the specification of customers, the necessary norms and standards, as well as constructive solutions.<\/p>\n<p>[\/et_pb_blurb][et_pb_text admin_label=&#8217;Saznaj vi\u0161e&#8217; _builder_version=&#8217;3.15&#8242;]<\/p>\n<p class=\"products-button blue\"><a href=\"https:\/\/magal.rs\/en\/products\/anodes-for-boilers\/\">Learn more<\/a><\/p>\n<p>[\/et_pb_text][\/et_pb_column][\/et_pb_row][\/et_pb_section][et_pb_section bb_built=&#8217;1&#8242; fullwidth=&#8217;off&#8217; specialty=&#8217;off&#8217; background_image=&#8217;https:\/\/magal.rs\/wp-content\/uploads\/2017\/12\/bgd_product_02-1.png&#8217; parallax_method=&#8217;off&#8217; module_class=&#8217;productsSecondSection&#8217; _builder_version=&#8217;3.0.92&#8242; custom_css_main_element=&#8217; background-size: 60% 100%;||background:transparent;||background-position-x: right;&#8217; custom_padding=&#8217;30px|||&#8217; custom_padding_phone=&#8217;30px||0px|&#8217; custom_padding_last_edited=&#8217;on|phone&#8217; background_repeat=&#8217;repeat-y&#8217; prev_background_color=&#8217;#ffffff&#8217; next_background_color=&#8217;#ffffff&#8217;][et_pb_row background_position=&#8217;top_left&#8217; background_repeat=&#8217;repeat&#8217; background_size=&#8217;initial&#8217; _builder_version=&#8217;3.0.60&#8242;][et_pb_column type=&#8217;2_3&#8242;][et_pb_blurb title=&#8217;Anodes for pipelines, tanks and structures&#8217; header_text_color=&#8217;#00c8f0&#8242; body_text_color=&#8217;#00aed1&#8242; border_style=&#8217;solid&#8217; header_font_size=&#8217;30&#8217; body_font_size=&#8217;16&#8217; header_line_height=&#8217;1.1em&#8217; background_position=&#8217;top_left&#8217; background_repeat=&#8217;repeat&#8217; background_size=&#8217;initial&#8217; _builder_version=&#8217;3.15&#8242; header_font=&#8217;Raleway Light||||&#8217; body_font=&#8217;Raleway Light||||&#8217; header_font_size_phone=&#8217;25&#8217; header_font_size_last_edited=&#8217;on|phone&#8217;]<\/p>\n<p>For the protection of pipelines, reservoirs, metal structures and other devices used in industry, sacrificial magnesium anodes are used as well. These anodes are designed according to needs and are calibrated into a galvanic connection with the unit to be protected.<\/p>\n<p>Different shapes and sizes, both magnesium anodes and steel core reinforcement.<\/p>\n<p>They are produced in weights of 5.0; 7.0; 7.7; 8.0 and 10.0 kg.<\/p>\n<p>[\/et_pb_blurb][et_pb_text admin_label=&#8217;Saznaj vi\u0161e&#8217; _builder_version=&#8217;3.15&#8242;]<\/p>\n<p class=\"products-button green\"><a href=\"https:\/\/magal.rs\/en\/products\/anodes-for-pipelines-tanks-and-structures\/\">Learn more<\/a><\/p>\n<p>[\/et_pb_text][\/et_pb_column][et_pb_column type=&#8217;1_3&#8242;][et_pb_image src=&#8217;https:\/\/magal.rs\/wp-content\/uploads\/2017\/12\/product_2_products.png&#8217; show_in_lightbox=&#8217;off&#8217; url_new_window=&#8217;off&#8217; use_overlay=&#8217;off&#8217; align=&#8217;left&#8217; force_fullwidth=&#8217;off&#8217; always_center_on_mobile=&#8217;on&#8217; _builder_version=&#8217;3.0.91&#8242; show_bottom_space=&#8217;on&#8217; animation_style=&#8217;slide&#8217; animation_duration=&#8217;500ms&#8217; animation_intensity_slide=&#8217;10%&#8217; animation_direction=&#8217;left&#8217; \/][\/et_pb_column][\/et_pb_row][\/et_pb_section][et_pb_section bb_built=&#8217;1&#8242; admin_label=&#8217;section&#8217; background_image=&#8217;https:\/\/magal.rs\/wp-content\/uploads\/2017\/12\/bgd_product_01-1.png&#8217; parallax_method=&#8217;off&#8217; custom_padding=&#8217;0px||130px|&#8217; module_class=&#8217;productsThirdSection&#8217; _builder_version=&#8217;3.0.92&#8242; custom_css_main_element=&#8217; background-size: 60% 100%;||background-position: inherit;||background:transparent;||&#8217; custom_padding_phone=&#8217;0px||30px|&#8217; custom_padding_last_edited=&#8217;on|phone&#8217; background_repeat=&#8217;repeat-y&#8217; disabled=&#8217;off&#8217; disabled_on=&#8217;on|on|&#8217; prev_background_color=&#8217;#ffffff&#8217; next_background_color=&#8217;#ffffff&#8217;][et_pb_row admin_label=&#8217;row&#8217; background_position=&#8217;top_left&#8217; background_repeat=&#8217;repeat&#8217; background_size=&#8217;initial&#8217;][et_pb_column type=&#8217;1_3&#8242;][et_pb_image src=&#8217;https:\/\/magal.rs\/wp-content\/uploads\/2017\/12\/product_3_products.png&#8217; show_in_lightbox=&#8217;off&#8217; url_new_window=&#8217;off&#8217; use_overlay=&#8217;off&#8217; align=&#8217;left&#8217; force_fullwidth=&#8217;off&#8217; always_center_on_mobile=&#8217;on&#8217; use_border_color=&#8217;off&#8217; animation_direction=&#8217;left&#8217; show_bottom_space=&#8217;on&#8217; animation_style=&#8217;slide&#8217; animation_duration=&#8217;500ms&#8217; animation_intensity_slide=&#8217;10%&#8217; _builder_version=&#8217;3.0.91&#8242; \/][\/et_pb_column][et_pb_column type=&#8217;2_3&#8242;][et_pb_blurb title=&#8217;Anodes for vessels&#8217; text_orientation=&#8217;right&#8217; header_text_color=&#8217;#25a9f5&#8242; body_text_color=&#8217;#008cdc&#8217; header_font_size=&#8217;30&#8217; body_font_size=&#8217;16&#8217; header_line_height=&#8217;1.7em&#8217; background_position=&#8217;top_left&#8217; background_repeat=&#8217;repeat&#8217; background_size=&#8217;initial&#8217; _builder_version=&#8217;3.15&#8242; header_font=&#8217;Raleway Light||||&#8217; body_font=&#8217;Raleway Light||||&#8217; header_font_size_phone=&#8217;25&#8217; header_font_size_last_edited=&#8217;on|phone&#8217; max_width_tablet=&#8217;50px&#8217;]<\/p>\n<p>The use of magnesium anodes is widely represented in all electrolytes with extremely high efficiency. Therefore, there is a great application of anode for vessels, especially for protection in freshwater.<\/p>\n<p>By simply placing an anode on the surface of the vessel we protect an area that is not easily accessible for maintenance and cannot be easily protected by other methods.<\/p>\n<p>They are produced in several shapes and sizes according to the customer\u2019s request, location and method of installation.<\/p>\n<p>[\/et_pb_blurb][et_pb_text admin_label=&#8217;Saznaj vi\u0161e&#8217; _builder_version=&#8217;3.15&#8242;]<\/p>\n<p class=\"products-button blue\"><a href=\"https:\/\/magal.rs\/en\/products\/anodes-for-vessels\/\">Learn more<\/a><\/p>\n<p>[\/et_pb_text][\/et_pb_column][\/et_pb_row][\/et_pb_section][et_pb_section bb_built=&#8217;1&#8242; admin_label=&#8217;section&#8217; background_image=&#8217;https:\/\/magal.rs\/wp-content\/uploads\/2017\/12\/bgd_product_01.png&#8217; parallax_method=&#8217;off&#8217; custom_padding=&#8217;0px||130px|&#8217; _builder_version=&#8217;3.0.92&#8242; custom_css_main_element=&#8217; background-size: 60% 100%;||background-position: inherit;||background:transparent;||&#8217; custom_padding_phone=&#8217;0px||30px|&#8217; custom_padding_last_edited=&#8217;on|phone&#8217; background_repeat=&#8217;repeat-y&#8217; disabled=&#8217;off&#8217; disabled_on=&#8217;||on&#8217; prev_background_color=&#8217;#ffffff&#8217;][et_pb_row admin_label=&#8217;row&#8217; background_position=&#8217;top_left&#8217; background_repeat=&#8217;repeat&#8217; background_size=&#8217;initial&#8217;][et_pb_column type=&#8217;1_3&#8242;][\/et_pb_column][et_pb_column type=&#8217;2_3&#8242;][et_pb_blurb title=&#8217;Anodes for vessels&#8217; header_text_color=&#8217;#25a9f5&#8242; body_text_color=&#8217;#008cdc&#8217; header_font_size=&#8217;30&#8217; body_font_size=&#8217;16&#8217; header_line_height=&#8217;1.7em&#8217; background_position=&#8217;top_left&#8217; background_repeat=&#8217;repeat&#8217; background_size=&#8217;initial&#8217; _builder_version=&#8217;3.15&#8242; header_font=&#8217;Raleway Light|700|||||||&#8217; body_font=&#8217;Raleway Light||||&#8217; header_font_size_phone=&#8217;25&#8217; header_font_size_last_edited=&#8217;on|phone&#8217; max_width_tablet=&#8217;50px&#8217;]<\/p>\n<p>The use of magnesium anodes is widely represented in all electrolytes with extremely high efficiency. Therefore, there is a great application of anode for vessels, especially for protection in freshwater.<\/p>\n<p>By simply placing an anode on the surface of the vessel we protect an area that is not easily accessible for maintenance and cannot be easily protected by other methods.<\/p>\n<p>They are produced in several shapes and sizes according to the customer\u2019s request, location and method of installation.<\/p>\n<p>[\/et_pb_blurb][et_pb_text admin_label=&#8217;Saznaj vi\u0161e&#8217; _builder_version=&#8217;3.15&#8242;]<\/p>\n<p class=\"products-button blue\"><a href=\"https:\/\/magal.rs\/en\/products\/anodes-for-vessels\/\">Learn more<\/a><\/p>\n<p>[\/et_pb_text][\/et_pb_column][\/et_pb_row][\/et_pb_section]<\/p>\n","protected":false},"excerpt":{"rendered":"<p>Our long experience in the production of galvanic anodes ensures that you will get top quality anodes that will effectively inhibit corrosion when used in a properly designed and maintained cathodic protection system. According to the needs of the market and our clients, we produce cast magnesium anodes of different diameters and lengths with a [&hellip;]<\/p>\n","protected":false},"author":1,"featured_media":0,"parent":0,"menu_order":0,"comment_status":"closed","ping_status":"closed","template":"","meta":{"_et_pb_use_builder":"on","_et_pb_old_content":"","_et_gb_content_width":"","footnotes":""},"class_list":["post-283","page","type-page","status-publish","hentry"],"_links":{"self":[{"href":"https:\/\/magal.rs\/en\/wp-json\/wp\/v2\/pages\/283","targetHints":{"allow":["GET"]}}],"collection":[{"href":"https:\/\/magal.rs\/en\/wp-json\/wp\/v2\/pages"}],"about":[{"href":"https:\/\/magal.rs\/en\/wp-json\/wp\/v2\/types\/page"}],"author":[{"embeddable":true,"href":"https:\/\/magal.rs\/en\/wp-json\/wp\/v2\/users\/1"}],"replies":[{"embeddable":true,"href":"https:\/\/magal.rs\/en\/wp-json\/wp\/v2\/comments?post=283"}],"version-history":[{"count":0,"href":"https:\/\/magal.rs\/en\/wp-json\/wp\/v2\/pages\/283\/revisions"}],"wp:attachment":[{"href":"https:\/\/magal.rs\/en\/wp-json\/wp\/v2\/media?parent=283"}],"curies":[{"name":"wp","href":"https:\/\/api.w.org\/{rel}","templated":true}]}}